{"id":54,"date":"2020-01-08T09:49:58","date_gmt":"2020-01-08T09:49:58","guid":{"rendered":"http:\/\/www.restauraceacko.cz\/?page_id=54"},"modified":"2020-11-13T08:06:51","modified_gmt":"2020-11-13T08:06:51","slug":"o-nas","status":"publish","type":"page","link":"https:\/\/www.restauraceacko.cz\/cs\/o-nas\/","title":{"rendered":"O n\u00e1s"},"content":{"rendered":"\n<h2 class=\"wp-block-heading\">Nov\u00fd provozovatel od sez\u00f3ny 2020, nov\u011b celoro\u010dn\u00ed provoz<\/h2>\n\n\n\n<p>Dobr\u00fd den,<\/p>\n\n\n\n<p>od ledna jsme p\u0159evzali od sez\u00f3ny 2020 restauraci \u00c1\u010dko v are\u00e1lu jezera Krist\u00fdna v Hr\u00e1dku nad Nisou a pracovali na jej\u00edm zveleben\u00ed. V objektu vznikla upln\u011b nov\u00e1 Craftov\u00e1 restaurace s unik\u00e1tn\u00edm v\u00fdb\u011brem 12 druh\u016f piva, vlastn\u00edmi limon\u00e1dami bez um\u011bl\u00fdch barviv i aromat a tak\u00e9 s t\u011bmi nejlep\u0161\u00edmi lok\u00e1ln\u00edmi produkty.<\/p>\n\n\n\n<p>Va\u0159\u00edme z \u010derstv\u00fdch surovin a to jak klasickou \u010deskou kuchyni, tak i zahrani\u010dn\u00ed speciality. Velkou oblibu si na\u0161i jak t\u011bstoviny, steaky, tak i Burgery na kter\u00e9 si dov\u00e1\u017e\u00edme bulky z mal\u00e9 pek\u00e1rny u pivovaru L\u00e1dv\u00ed COBOLIS.<\/p>\n\n\n\n<p>V nab\u00eddce m\u00e1me mo\u0161ty (d\u017eusy) ze Star\u00e9 d\u00e1my z nedalek\u00fdch K\u0159\u00ed\u017ean, odkud je i mal\u00e1 pra\u017e\u00edrna k\u00e1vy APe. Piva m\u016f\u017eete ochutnat od t\u011bchto craft pivovar\u016f <\/p>\n\n\n\n<div class=\"wp-block-image\"><figure class=\"aligncenter is-resized\"><img loading=\"lazy\" decoding=\"async\" src=\"https:\/\/www.restauraceacko.cz\/wp-content\/uploads\/2020\/07\/image.png\" alt=\"\" class=\"wp-image-84\" width=\"182\" height=\"69\" srcset=\"https:\/\/www.restauraceacko.cz\/wp-content\/uploads\/2020\/07\/image.png 364w, https:\/\/www.restauraceacko.cz\/wp-content\/uploads\/2020\/07\/image-300x114.png 300w\" sizes=\"auto, (max-width: 182px) 100vw, 182px\" \/><\/figure><\/div>\n\n\n\n<div class=\"wp-block-image\"><figure class=\"alignleft is-resized\"><img loading=\"lazy\" decoding=\"async\" src=\"https:\/\/www.restauraceacko.cz\/wp-content\/uploads\/2020\/07\/image-1.png\" alt=\"\" class=\"wp-image-85\" width=\"113\" height=\"113\" srcset=\"https:\/\/www.restauraceacko.cz\/wp-content\/uploads\/2020\/07\/image-1.png 225w, https:\/\/www.restauraceacko.cz\/wp-content\/uploads\/2020\/07\/image-1-150x150.png 150w\" sizes=\"auto, (max-width: 113px) 100vw, 113px\" \/><\/figure><\/div>\n\n\n\n<div class=\"wp-block-image\"><figure class=\"alignright is-resized\"><img loading=\"lazy\" decoding=\"async\" src=\"https:\/\/encrypted-tbn0.gstatic.com\/images?q=tbn%3AANd9GcS0HzD5gKvTtSFN2UMxbUt67W1w-rsSeF-2OQ&#038;usqp=CAU\" alt=\"Pivovar Volt\" width=\"113\" height=\"113\"\/><\/figure><\/div>\n\n\n\n<h2 class=\"wp-block-heading\"> Kdo jsme <\/h2>\n\n\n\n<p>Mate\u0159sk\u00e1 spole\u010dnost<a href=\"https:\/\/www.brewery-innovation.cz\/\"> Brewery Innovation s.r.o.<\/a> se zab\u00fdv\u00e1 provozem, v\u00fdstavbou a poradenskou \u010dinnost\u00ed pro mal\u00e9 pivovary. Pr\u00e1v\u011b jejich produkty budeme m\u00edt v nab\u00eddce. V gastronomii se zam\u011b\u0159ujeme na \u010derstv\u00e9 a lok\u00e1ln\u00ed produkty. U n\u00e1s ne\u010dekejte mra\u017een\u00e9 polotovary a podivn\u00fd fastfood dne\u0161n\u00ed zb\u011bsil\u00e9 doby, ale poctiv\u00e9 produkty z m\u00edstn\u00edch zdroj\u016f.<\/p>\n\n\n\n<h2 class=\"wp-block-heading\">A pro\u010d vlastn\u011b v Hr\u00e1dku?<\/h2>\n\n\n\n<p>N\u00e1\u0161 hlavn\u00ed sl\u00e1dek je pan Pavel Palou\u0161, co\u017e je m\u00edstn\u00ed rod\u00e1k a tak m\u00e1 k tomuto m\u00edstu sv\u00e9 osobn\u00ed vazby a vzpom\u00ednky. Jsme p\u0159esv\u011bd\u010deni, \u017ee kvalitn\u00ed gastronomie spojen\u00e1 s pivem nen\u00ed jen ot\u00e1zkou velk\u00fdch m\u011bst, ale \u017ee si sv\u00e9 m\u00edsto najde v\u0161ude a pr\u00e1v\u011b pro tyto dv\u011b v\u011bci jsme zvolili Hr\u00e1dek nad Nisou, toto malebn\u00e9 m\u00edsto na hranici t\u0159ech st\u00e1t\u016f.<\/p>\n\n\n\n<p><\/p>\n","protected":false},"excerpt":{"rendered":"<p>Nov\u00fd provozovatel od sez\u00f3ny 2020, nov\u011b celoro\u010dn\u00ed provoz Dobr\u00fd den, od ledna jsme p\u0159evzali od sez\u00f3ny 2020 restauraci \u00c1\u010dko v are\u00e1lu jezera Krist\u00fdna v Hr\u00e1dku nad Nisou a pracovali na jej\u00edm zveleben\u00ed. V objektu vznikla upln\u011b nov\u00e1 Craftov\u00e1 restaurace s &hellip; <a href=\"https:\/\/www.restauraceacko.cz\/cs\/o-nas\/\">Cel\u00fd p\u0159\u00edsp\u011bvek <span class=\"meta-nav\">&rarr;<\/span><\/a><\/p>\n","protected":false},"author":1,"featured_media":0,"parent":0,"menu_order":0,"comment_status":"closed","ping_status":"closed","template":"sidebar-page.php","meta":{"footnotes":""},"class_list":["post-54","page","type-page","status-publish","hentry"],"_links":{"self":[{"href":"https:\/\/www.restauraceacko.cz\/cs\/wp-json\/wp\/v2\/pages\/54","targetHints":{"allow":["GET"]}}],"collection":[{"href":"https:\/\/www.restauraceacko.cz\/cs\/wp-json\/wp\/v2\/pages"}],"about":[{"href":"https:\/\/www.restauraceacko.cz\/cs\/wp-json\/wp\/v2\/types\/page"}],"author":[{"embeddable":true,"href":"https:\/\/www.restauraceacko.cz\/cs\/wp-json\/wp\/v2\/users\/1"}],"replies":[{"embeddable":true,"href":"https:\/\/www.restauraceacko.cz\/cs\/wp-json\/wp\/v2\/comments?post=54"}],"version-history":[{"count":17,"href":"https:\/\/www.restauraceacko.cz\/cs\/wp-json\/wp\/v2\/pages\/54\/revisions"}],"predecessor-version":[{"id":239,"href":"https:\/\/www.restauraceacko.cz\/cs\/wp-json\/wp\/v2\/pages\/54\/revisions\/239"}],"wp:attachment":[{"href":"https:\/\/www.restauraceacko.cz\/cs\/wp-json\/wp\/v2\/media?parent=54"}],"curies":[{"name":"wp","href":"https:\/\/api.w.org\/{rel}","templated":true}]}}