{"id":64,"date":"2020-01-08T10:44:42","date_gmt":"2020-01-08T10:44:42","guid":{"rendered":"http:\/\/www.restauraceacko.cz\/?page_id=64"},"modified":"2024-02-22T10:37:47","modified_gmt":"2024-02-22T10:37:47","slug":"stravovani-pro-ubytovane","status":"publish","type":"page","link":"https:\/\/www.restauraceacko.cz\/cs\/stravovani-pro-ubytovane\/","title":{"rendered":"Stravov\u00e1n\u00ed pro ubytovan\u00e9"},"content":{"rendered":"\r\n<p>Po dohod\u011b se spole\u010dnost\u00ed <strong>Autokemp KRIST\u00ddNA a.s.<\/strong> jsme poskytovatel\u00e9 sn\u00eddan\u00ed, polopenze, ale i pln\u00e9 penze pro jejich ubytovan\u00e9, ale r\u00e1di V\u00e1m tyto slu\u017eby poskytneme i lidem ubytovan\u00fdm v jinde v okol\u00ed.<\/p>\r\n\r\n\r\n\r\n<p>M\u00e1te jin\u00e9 individu\u00e1ln\u00ed pot\u0159eby? Pros\u00edm nebojte se ozvat, r\u00e1di V\u00e1m je pom\u016f\u017eeme splnit.<\/p>\r\n\r\n\r\n\r\n<h2 class=\"wp-block-heading\">Sn\u00eddan\u011b 8-10 hodin<\/h2>\r\n\r\n\r\n\r\n<p>Sn\u00eddan\u011b se pod\u00e1v\u00e1 formou \u0160v\u00e9dsk\u00fdch stol\u016f: 1-2 tepl\u00e1 j\u00eddla (jako vaj\u00ed\u010dka, p\u00e1re\u010dky), studen\u00e1 m\u00edsa (sal\u00e1my, s\u00fdry, zelenina), jogurt, cornflakes, k\u00e1va, \u010daj, kakao a juice v cen\u011b.<\/p>\r\n\r\n\r\n\r\n<h2 class=\"wp-block-heading\">Ob\u011bdy 11-13 hodin (mimo \u010dervenec a srpen)<\/h2>\r\n\r\n\r\n\r\n<p>250ml pol\u00e9vka dle denn\u00ed nab\u00eddky, v\u00fdb\u011br z minim\u00e1ln\u011b 3 hlavn\u00edch j\u00eddel a 0,3l n\u00e1poj (hr\u00e1deck\u00e9 pivo nebo to\u010den\u00e1 limon\u00e1da)<\/p>\r\n\r\n\r\n\r\n<h2 class=\"wp-block-heading\">Ve\u010de\u0159e 17-19 hodin (mimo \u010dervenec a srpen)<\/h2>\r\n\r\n\r\n\r\n<p>V\u00fdb\u011br z minim\u00e1ln\u011b 2 j\u00eddel, sal\u00e1t nebo mou\u010dn\u00edk a 0,3l n\u00e1poj (hr\u00e1deck\u00e9 pivo nebo to\u010den\u00e1 limon\u00e1da).<\/p>\r\n\r\n\r\n\r\n<h2 class=\"wp-block-heading\">Cen\u00edk pro sez\u00f3nu 2024<\/h2>\r\n\r\n\r\n\r\n<figure class=\"wp-block-table aligncenter is-style-stripes\">\r\n<table>\r\n<tbody>\r\n<tr>\r\n<td>\u00a0<\/td>\r\n<td>Dosp\u011bl\u00e1 osoba<\/td>\r\n<td>D\u011bti do 4-12 let<\/td>\r\n<\/tr>\r\n<tr>\r\n<td>Sn\u00eddan\u011b<\/td>\r\n<td>160,-K\u010d (155,- K\u010d)<\/td>\r\n<td>120,- K\u010d (115,- K\u010d)<\/td>\r\n<\/tr>\r\n<tr>\r\n<td>Polopenze**<\/td>\r\n<td>355,- K\u010d (345,- K\u010d)<\/td>\r\n<td>260,- K\u010d (250,- K\u010d)\u00a0<\/td>\r\n<\/tr>\r\n<tr>\r\n<td>Pln\u00e1 penze*<\/td>\r\n<td>550,- K\u010d (535,-K\u010d)<\/td>\r\n<td>415,- K\u010d (400,- K\u010d)<\/td>\r\n<\/tr>\r\n<\/tbody>\r\n<\/table>\r\n<\/figure>\r\n\r\n\r\n\r\n<p>Cena v z\u00e1vorce je pro ubytovan\u00e9 na penzionu Krist\u00fdna (<a href=\"https:\/\/www.penzion-kristyna.cz\/\">www.penzion-kristyna.cz<\/a>)\u00a0<\/p>\r\n<div class=\"uk-panel uk-text-lead uk-position-relative uk-margin uk-width-xlarge uk-margin-auto uk-scrollspy-inview \">\r\n<p>*Plnou penzi nelze z kapacitn\u00edch d\u016fvod\u016f koupit v hlavn\u00ed sez\u00f3n\u011b, tedy v m\u011bs\u00edc\u00edch \u010dervenec a srpen\u00a0(krom\u011b velk\u00fdch skupin po p\u0159ede\u0161l\u00e9 dohod\u011b)<\/p>\r\n<\/div>\r\n<div class=\"uk-panel uk-text-lead uk-position-relative uk-margin uk-width-xlarge uk-margin-auto uk-scrollspy-inview \">\r\n<p>** Polopenzi v m\u011bs\u00edci \u010dervenec a srpen poskytujeme pouze pro na\u0161e hosty v penzi\u00f3nu Krist\u00fdna.\u00a0(krom\u011b velk\u00fdch skupin po p\u0159ede\u0161l\u00e9 dohod\u011b)<\/p>\r\n<\/div>\r\n\r\n\r\n\r\n<h2 class=\"wp-block-heading\">Objedn\u00e1vky<\/h2>\r\n\r\n\r\n\r\n<p>Objedn\u00e1vky m\u016f\u017eete prov\u00e1d\u011bt ide\u00e1ln\u011b na emailu: <a href=\"mailto:rezervace@penzion-kristyna.cz\">rezervace@penzion-kristyna.cz<\/a><\/p>\r\n\r\n\r\n\r\n<p>P\u0159\u00edpadn\u011b na rezerva\u010dn\u00edm telefonu <a class=\"uk-link-reset\" href=\"tel:+420 774 595 760\">\u00a0+420 774 595 760<\/a><\/p>\r\n","protected":false},"excerpt":{"rendered":"<p>Po dohod\u011b se spole\u010dnost\u00ed Autokemp KRIST\u00ddNA a.s. jsme poskytovatel\u00e9 sn\u00eddan\u00ed, polopenze, ale i pln\u00e9 penze pro jejich ubytovan\u00e9, ale r\u00e1di V\u00e1m tyto slu\u017eby poskytneme i lidem ubytovan\u00fdm v jinde v okol\u00ed. M\u00e1te jin\u00e9 individu\u00e1ln\u00ed pot\u0159eby? Pros\u00edm nebojte se ozvat, r\u00e1di &hellip; <a href=\"https:\/\/www.restauraceacko.cz\/cs\/stravovani-pro-ubytovane\/\">Cel\u00fd p\u0159\u00edsp\u011bvek <span class=\"meta-nav\">&rarr;<\/span><\/a><\/p>\n","protected":false},"author":1,"featured_media":0,"parent":0,"menu_order":0,"comment_status":"closed","ping_status":"closed","template":"sidebar-page.php","meta":{"footnotes":""},"class_list":["post-64","page","type-page","status-publish","hentry"],"_links":{"self":[{"href":"https:\/\/www.restauraceacko.cz\/cs\/wp-json\/wp\/v2\/pages\/64","targetHints":{"allow":["GET"]}}],"collection":[{"href":"https:\/\/www.restauraceacko.cz\/cs\/wp-json\/wp\/v2\/pages"}],"about":[{"href":"https:\/\/www.restauraceacko.cz\/cs\/wp-json\/wp\/v2\/types\/page"}],"author":[{"embeddable":true,"href":"https:\/\/www.restauraceacko.cz\/cs\/wp-json\/wp\/v2\/users\/1"}],"replies":[{"embeddable":true,"href":"https:\/\/www.restauraceacko.cz\/cs\/wp-json\/wp\/v2\/comments?post=64"}],"version-history":[{"count":28,"href":"https:\/\/www.restauraceacko.cz\/cs\/wp-json\/wp\/v2\/pages\/64\/revisions"}],"predecessor-version":[{"id":502,"href":"https:\/\/www.restauraceacko.cz\/cs\/wp-json\/wp\/v2\/pages\/64\/revisions\/502"}],"wp:attachment":[{"href":"https:\/\/www.restauraceacko.cz\/cs\/wp-json\/wp\/v2\/media?parent=64"}],"curies":[{"name":"wp","href":"https:\/\/api.w.org\/{rel}","templated":true}]}}