{"id":66,"date":"2020-01-08T10:47:41","date_gmt":"2020-01-08T10:47:41","guid":{"rendered":"http:\/\/www.restauraceacko.cz\/?page_id=66"},"modified":"2020-11-13T08:44:41","modified_gmt":"2020-11-13T08:44:41","slug":"soukrome-akce","status":"publish","type":"page","link":"https:\/\/www.restauraceacko.cz\/cs\/soukrome-akce\/","title":{"rendered":"Soukrom\u00e9 akce"},"content":{"rendered":"\n<p>V are\u00e1lu je mo\u017en\u00e9 prov\u00e1d\u011bt soukrom\u00e9 akce, \u0161kolen\u00ed, oslavy. Postupn\u011b p\u0159id\u00e1me v\u00edce informac\u00ed. Pro p\u0159\u00edpadn\u00e1 z\u00e1jem n\u00e1s pros\u00edm kontaktujte na objednavky@restauraceacko.cz<\/p>\n\n\n\n<p><\/p>\n","protected":false},"excerpt":{"rendered":"<p>V are\u00e1lu je mo\u017en\u00e9 prov\u00e1d\u011bt soukrom\u00e9 akce, \u0161kolen\u00ed, oslavy. Postupn\u011b p\u0159id\u00e1me v\u00edce informac\u00ed. Pro p\u0159\u00edpadn\u00e1 z\u00e1jem n\u00e1s pros\u00edm kontaktujte na objednavky@restauraceacko.cz<\/p>\n","protected":false},"author":1,"featured_media":0,"parent":0,"menu_order":0,"comment_status":"closed","ping_status":"closed","template":"sidebar-page.php","meta":{"footnotes":""},"class_list":["post-66","page","type-page","status-publish","hentry"],"_links":{"self":[{"href":"https:\/\/www.restauraceacko.cz\/cs\/wp-json\/wp\/v2\/pages\/66","targetHints":{"allow":["GET"]}}],"collection":[{"href":"https:\/\/www.restauraceacko.cz\/cs\/wp-json\/wp\/v2\/pages"}],"about":[{"href":"https:\/\/www.restauraceacko.cz\/cs\/wp-json\/wp\/v2\/types\/page"}],"author":[{"embeddable":true,"href":"https:\/\/www.restauraceacko.cz\/cs\/wp-json\/wp\/v2\/users\/1"}],"replies":[{"embeddable":true,"href":"https:\/\/www.restauraceacko.cz\/cs\/wp-json\/wp\/v2\/comments?post=66"}],"version-history":[{"count":3,"href":"https:\/\/www.restauraceacko.cz\/cs\/wp-json\/wp\/v2\/pages\/66\/revisions"}],"predecessor-version":[{"id":258,"href":"https:\/\/www.restauraceacko.cz\/cs\/wp-json\/wp\/v2\/pages\/66\/revisions\/258"}],"wp:attachment":[{"href":"https:\/\/www.restauraceacko.cz\/cs\/wp-json\/wp\/v2\/media?parent=66"}],"curies":[{"name":"wp","href":"https:\/\/api.w.org\/{rel}","templated":true}]}}