{"id":10,"date":"2020-01-08T08:20:17","date_gmt":"2020-01-08T08:20:17","guid":{"rendered":"http:\/\/www.restauraceacko.cz\/?page_id=10"},"modified":"2023-04-30T11:25:35","modified_gmt":"2023-04-30T11:25:35","slug":"kontakt","status":"publish","type":"page","link":"https:\/\/www.restauraceacko.cz\/de\/kontakt\/","title":{"rendered":"Kontakt"},"content":{"rendered":"\r\n<h1 class=\"wp-block-heading\">Restaurant im Kristynasee<\/h1>\r\n\r\n\r\n\r\n<p>Restaurant ist ein Teil der Autokemp Krist\u00fdna a.s.<br \/>\u017ditavsk\u00e1 745, 463 34<br \/>Hr\u00e1dek nad Nisou<br \/>\u010cesk\u00e1 republika<\/p>\r\n\r\n\r\n\r\n<p>Identifikationsnummer: 1013253396<\/p>\r\n\r\n\r\n\r\n<p>info@restauraceacko.cz<br \/>http:\/\/www.restauraceacko.cz<\/p>\r\n\r\n\r\n\r\n<p>Restaurant-Telefonnummer: +420 487 989 909 <br \/>or handy +420 608 218 493<\/p>\r\n\r\n\r\n\r\n<figure><iframe loading=\"lazy\" src=\"https:\/\/www.google.com\/maps\/embed?pb=!1m18!1m12!1m3!1d329.2958271275979!2d14.825075837249524!3d50.86244853383529!2m3!1f0!2f0!3f0!3m2!1i1024!2i768!4f13.1!3m3!1m2!1s0x0%3A0xc93276f203b0e7ce!2sRestaurant%20Krist%C3%BDna!5e0!3m2!1scs!2scz!4v1578479315918!5m2!1scs!2scz\" width=\"600\" height=\"450\" allowfullscreen=\"allowfullscreen\"><\/iframe><\/figure>\r\n\r\n\r\n\r\n<h2 class=\"wp-block-heading\">Betreiber<\/h2>\r\n\r\n\r\n\r\n<p>BREWERY INNOVATION S.R.O. <br \/>I\u010c: 06565379<br \/>DI\u010c: CZ06565379<br \/>Roh\u00e1\u010dova 145\/14<br \/>130 00 Praha 3, \u017di\u017ekov<\/p>\r\n","protected":false},"excerpt":{"rendered":"<p>Restaurant im Kristynasee Restaurant ist ein Teil der Autokemp Krist\u00fdna a.s.\u017ditavsk\u00e1 745, 463 34Hr\u00e1dek nad Nisou\u010cesk\u00e1 republika Identifikationsnummer: 1013253396 info@restauraceacko.czhttp:\/\/www.restauraceacko.cz Restaurant-Telefonnummer: +420 487 989 909 or handy +420 608 218 493 Betreiber BREWERY INNOVATION S.R.O. I\u010c: 06565379DI\u010c: CZ06565379Roh\u00e1\u010dova 145\/14130 00 &hellip; <a href=\"https:\/\/www.restauraceacko.cz\/de\/kontakt\/\">Weiterlesen <span class=\"meta-nav\">&rarr;<\/span><\/a><\/p>\n","protected":false},"author":1,"featured_media":92,"parent":0,"menu_order":0,"comment_status":"closed","ping_status":"closed","template":"sidebar-page.php","meta":{"footnotes":""},"class_list":["post-10","page","type-page","status-publish","has-post-thumbnail","hentry"],"_links":{"self":[{"href":"https:\/\/www.restauraceacko.cz\/de\/wp-json\/wp\/v2\/pages\/10","targetHints":{"allow":["GET"]}}],"collection":[{"href":"https:\/\/www.restauraceacko.cz\/de\/wp-json\/wp\/v2\/pages"}],"about":[{"href":"https:\/\/www.restauraceacko.cz\/de\/wp-json\/wp\/v2\/types\/page"}],"author":[{"embeddable":true,"href":"https:\/\/www.restauraceacko.cz\/de\/wp-json\/wp\/v2\/users\/1"}],"replies":[{"embeddable":true,"href":"https:\/\/www.restauraceacko.cz\/de\/wp-json\/wp\/v2\/comments?post=10"}],"version-history":[{"count":9,"href":"https:\/\/www.restauraceacko.cz\/de\/wp-json\/wp\/v2\/pages\/10\/revisions"}],"predecessor-version":[{"id":463,"href":"https:\/\/www.restauraceacko.cz\/de\/wp-json\/wp\/v2\/pages\/10\/revisions\/463"}],"wp:featuredmedia":[{"embeddable":true,"href":"https:\/\/www.restauraceacko.cz\/de\/wp-json\/wp\/v2\/media\/92"}],"wp:attachment":[{"href":"https:\/\/www.restauraceacko.cz\/de\/wp-json\/wp\/v2\/media?parent=10"}],"curies":[{"name":"wp","href":"https:\/\/api.w.org\/{rel}","templated":true}]}}