{"id":118,"date":"2020-10-10T22:19:10","date_gmt":"2020-10-10T22:19:10","guid":{"rendered":"http:\/\/www.restauraceacko.cz\/?page_id=118"},"modified":"2023-09-05T16:54:51","modified_gmt":"2023-09-05T16:54:51","slug":"pivni-listek","status":"publish","type":"page","link":"https:\/\/www.restauraceacko.cz\/de\/pivni-listek\/","title":{"rendered":"Bierkarte"},"content":{"rendered":"\r\n<h1 class=\"wp-block-heading\" style=\"text-align: center;\">Piva to\u010d\u00edme v dob\u011b uzav\u0159en\u00ed hospod i do pet lahv\u00ed 1l a je mo\u017en\u00e9 je objednat i na rozvoz. Po dobu pandemie ne\u00fa\u010dtuje cenu l\u00e1hve.<\/h1>\r\n<h1 class=\"has-text-align-center has-large-font-size\">Spodn\u011b kva\u0161en\u00e1 piva<\/h1>\r\n\r\n\r\n\r\n<h2 class=\"wp-block-heading\">Budvar Redix\u00a0\u00a0\u00a0\u00a0\u00a0\u00a0\u00a0\u00a0 \u00a0\u00a0\u00a0\u00a0\u00a0\u00a0\u00a0\u00a0 \u00a0\u00a0\u00a0\u00a0\u00a0\u00a0\u00a0\u00a0 \u00a0\u00a0\u00a0\u00a0\u00a0\u00a0\u00a0\u00a0 \u00a0\u00a0\u00a0\u00a0\u00a0\u00a0\u00a0\u00a0 \u00a0\u00a0\u00a0\u00a0\u00a0\u00a0\u00a0\u00a0 \u00a0\u00a00,3l\u00a0\u00a0 25,- K\u010d\u00a0\u00a0\u00a0\u00a0\u00a0\u00a0\u00a0\u00a0 \u00a0\u00a0\u00a0\u00a0\u00a0\u00a0\u00a0\u00a0 0,5l\u00a0\u00a0 35,- K\u010d<\/h2>\r\n\r\n\r\n\r\n<p>Pivo sv\u011btl\u00e9 v\u00fd\u010depn\u00ed, Pivn\u00ed styl: Czech Pale Lager, EPM: 9,7%, Alc.: 4,0%<br \/>Redix je ho\u0159k\u00e9, osv\u011b\u017euj\u00edc\u00ed pivo, za jeho\u017e vznikem stoj\u00ed sl\u00e1dci Ale\u0161 Dvo\u0159\u00e1k z Budvaru a Pavel Palou\u0161 z minipivovaru Cobolis. P\u016fvodn\u011b to toti\u017e bylo pivo uva\u0159en\u00e9 jako limitovan\u00e1 edice \u201eSpole\u010dn\u00e9 z Budvaru\u201c \u2013 piva va\u0159en\u00e1 v Budvaru spolu se sl\u00e1dky z jin\u00fdch minipivovar\u016f. D\u00edky Va\u0161emu z\u00e1jmu jsme ho ale za\u0159adili do na\u0161\u00ed st\u00e1l\u00e9 nab\u00eddky a nov\u011b mu \u0159\u00edk\u00e1me Redix.<\/p>\r\n\r\n\r\n\r\n<h2 class=\"wp-block-heading\">Cobolis P\u0159ed\u00e1k sv\u011btl\u00e9 v\u00fd\u010depn\u00ed 10\u00a0\u00a0\u00a0\u00a0\u00a0\u00a0 \u00a0\u00a0\u00a0\u00a0\u00a0\u00a0\u00a0\u00a0 \u00a0\u00a0\u00a0\u00a0\u00a0\u00a0\u00a0\u00a0 0,3l\u00a0\u00a0 25,- K\u010d\u00a0\u00a0\u00a0 \u00a0\u00a0\u00a0\u00a0\u00a0\u00a0\u00a0\u00a0 0,5l\u00a0\u00a0 35,- K\u010d<\/h2>\r\n\r\n\r\n\r\n<p>Pivo sv\u011btl\u00e9 v\u00fd\u010depn\u00ed, Pivn\u00ed styl: Czech Pale Lager, EPM: 10 %, Alc.: 3,8%<br \/>Poctiv\u00e1 \u010desk\u00e1 des\u00edtka va\u0159en\u00e1 na dva rmuty z plze\u0148sk\u00fdch slad\u016f a \u017eateck\u00fdch chmel\u016f. Nab\u00edz\u00ed vyv\u00e1\u017een\u00e9 sladov\u00e9 t\u011blo a slu\u0161nou d\u00e1vku chmelov\u00e9 ho\u0159kosti. Zapome\u0148te na v\u00fd\u010depn\u00ed pivo, o kter\u00e9m byste \u0159ekli, \u017ee je jak voda. Takov\u00e1 na\u0161e des\u00edtka rozhodn\u011b nen\u00ed.<\/p>\r\n\r\n\r\n\r\n<h2 class=\"wp-block-heading\">Budvar 33\u2014ho\u0159k\u00fd le\u017e\u00e1k\u00a0\u00a0 \u00a0\u00a0\u00a0\u00a0\u00a0\u00a0\u00a0\u00a0 \u00a0\u00a0\u00a0\u00a0\u00a0\u00a0\u00a0\u00a0 \u00a0\u00a0\u00a0\u00a0\u00a0\u00a0\u00a0\u00a0 \u00a0\u00a0\u00a0\u00a0\u00a0\u00a0\u00a0\u00a0 0,3l\u00a0\u00a0 30,- K\u010d\u00a0\u00a0\u00a0 \u00a0\u00a0\u00a0\u00a0\u00a0\u00a0\u00a0\u00a0 0,5l\u00a0\u00a0 40,- K\u010d<\/h2>\r\n\r\n\r\n\r\n<p>Pivo sv\u011btl\u00fd le\u017e\u00e1k, Pivn\u00ed styl: Czech Pale Lager, EPM: 11,7 %, Alc.: 4,6 %<br \/>Budvar 33 je ho\u0159k\u00fd. A podle toho\u00a0mu dali i\u00a0jm\u00e9no. M\u00e1 toti\u017e pr\u00e1v\u011b 33 jednotek ho\u0159kosti, a\u00a0to p\u0159edev\u0161\u00edm d\u00edky \u010desk\u00e9mu chmelu Agnus, kter\u00fd pat\u0159\u00ed k jedn\u00e9 z\u00a0nejv\u00edce ho\u0159k\u00fdch odr\u016fd v\u016fbec. Budvar 33 je zaj\u00edmav\u00fd\u00a0i\u00a0sladem Crystal Light, kter\u00fd se pou\u017e\u00edv\u00e1 p\u0159edev\u0161\u00edm do svrchn\u011b kva\u0161en\u00fdch piv. D\u00edky tomu, \u017ee se ho neb\u00e1li p\u0159idat do typick\u00e9ho \u010desk\u00e9ho le\u017e\u00e1ku, z\u00edskalo\u00a0pivo zaj\u00edmavou barvu a\u00a0chu\u0165ovou uhlazenost.<\/p>\r\n\r\n\r\n\r\n<h2 class=\"wp-block-heading\">Cobolis Praotec sv\u011btl\u00fd le\u017e\u00e1k 12\u00a0\u00a0 \u00a0\u00a0\u00a0\u00a0\u00a0\u00a0\u00a0\u00a0 \u00a0\u00a0\u00a0\u00a0\u00a0\u00a0\u00a0\u00a0 \u00a0\u00a0\u00a0\u00a0\u00a0\u00a0\u00a0\u00a0 0,3l\u00a0\u00a0 35,- K\u010d\u00a0\u00a0\u00a0 \u00a0\u00a0\u00a0\u00a0\u00a0\u00a0\u00a0\u00a0 0,5l\u00a0\u00a0 45,- K\u010d<\/h2>\r\n\r\n\r\n\r\n<p>Pivo sv\u011btl\u00fd le\u017e\u00e1k, Pivn\u00ed styl: Czech Premium Pale Lager, EPM: 12 %, Alc.: 4,6 %<br \/>Chlebnat\u00e1 a ho\u0159k\u00e1 dvan\u00e1ctka zlat\u00e9 barvy s\u00a0b\u00edlou hustou p\u011bnou. Je uva\u0159en\u00e1 na dva rmuty z\u00a0plze\u0148sk\u00e9ho sladu a \u017eateck\u00fdch chmel\u016f. Na chmelen\u00ed jsme pou\u017eili \u017eateck\u00fd poloran\u00fd \u010derve\u0148\u00e1k a bohemii, jeden z\u00a0nov\u011bj\u0161\u00edch \u017eateck\u00fdch chmel\u016f. Nejlep\u0161\u00ed le\u017e\u00e1k festivalu Slunce ve skle 2018, Kr\u00e1l Prahy 2019.<\/p>\r\n\r\n\r\n\r\n<h1 class=\"has-text-align-center has-large-font-size wp-block-heading\">Svrchn\u011b kva\u0161en\u00e1 piva<\/h1>\r\n\r\n\r\n\r\n\r\n\r\n<h2 class=\"wp-block-heading\">Cobolis Diabolic Rouge 6 summer ale\u00a0\u00a0\u00a0\u00a0 \u00a0\u00a0\u00a0\u00a0\u00a0\u00a0\u00a0\u00a0 0,3l\u00a0\u00a0 30,- K\u010d\u00a0\u00a0\u00a0 \u00a0\u00a0\u00a0\u00a0\u00a0\u00a0\u00a0\u00a0 0,4l\u00a0 37,- K\u010d<\/h2>\r\n\r\n\r\n\r\n<p><em>Stoln\u00ed svrchn\u011b kva\u0161en\u00e9 pivo, EPM: 6 %, Alc.: 1,9 %<br \/><\/em>Letn\u00ed ALE se stup\u0148ovitost\u00ed pouze 6 \u00b0, va\u0159en\u00fd ze 6 slad\u016f a 6x chmelen\u00fd. Rozhodn\u011b ne\u010dekejte \u017e\u00e1dnou nudnou vodu. Alkoholem je v\u0161ak pod 2% , co\u017e v l\u00e9t\u011b pot\u011b\u0161\u00ed. T\u011blo odpov\u00edd\u00e1 sp\u00ed\u0161 na siln\u011bj\u0161\u00ed pivo a je n\u00e1dhern\u011b ho\u0159k\u00e9. Kdo ochutn\u00e1 zamiluje se do nespo\u010det t\u00f3n\u016f a chut\u00ed tohoto piva. Oproti \u010f\u00e1belsk\u00e9 \u0161estce je chmel Francouzsk\u00fdm Barbe Rouge a N\u011bmeck\u00fdm chmelem Mandarina B.<\/p>\r\n\r\n\r\n\r\n\r\n\r\n<h2 class=\"wp-block-heading\">Volt IPA Baterka 15\u00a0\u00a0\u00a0\u00a0\u00a0\u00a0\u00a0\u00a0 \u00a0\u00a0\u00a0\u00a0\u00a0\u00a0\u00a0\u00a0 \u00a0\u00a0\u00a0\u00a0\u00a0\u00a0\u00a0\u00a0 \u00a0\u00a0\u00a0\u00a0\u00a0\u00a0\u00a0\u00a0 \u00a0\u00a0\u00a0\u00a0\u00a0\u00a0\u00a0\u00a0 \u00a0\u00a00,3l\u00a0\u00a0 43,- K\u010d\u00a0\u00a0\u00a0\u00a0\u00a0\u00a0\u00a0\u00a0 \u00a0\u00a0\u00a0\u00a0\u00a0\u00a0\u00a0\u00a0 0,4l\u00a0\u00a0 52,-K\u010d<\/h2>\r\n\r\n\r\n\r\n<p><em>Sv\u011btl\u00e9, svrchn\u011b kva\u0161en\u00e9, siln\u00e9 pivo, nefiltrovan\u00e9 Pivn\u00ed styl: IPA, EPM: 15 %, Alc.: 6,2 %<br \/><\/em>Ho\u0159kost tohoto piva je st\u0159edn\u00ed a\u017e vy\u0161\u0161\u00ed s\u00a0p\u0159\u00edjemn\u00fdm dozn\u00edv\u00e1n\u00edm. Charakter pivu dod\u00e1vaj\u00ed klasick\u00e9 americk\u00e9 odr\u016fdy chmele Citra a Cascade, co\u017e v\u00a0chut\u00ed dod\u00e1v\u00e1 n\u00e1dech pomeran\u010de \u010di limetky. Chmelem je \u0159\u00e1dn\u011b i za studena.<\/p>\r\n\r\n\r\n\r\n\r\n\r\n<h1 class=\"has-text-align-center has-large-font-size wp-block-heading\"><strong>Balen\u00ed<\/strong><\/h1>\r\n\r\n\r\n\r\n<h2 class=\"wp-block-heading\">Kel\u00edmek 3,- K\u010d<\/h2>\r\n\r\n\r\n\r\n<h2 class=\"wp-block-heading\">Pet l\u00e1hev, v\u00ed\u010dko, odnoska 10,- K\u010d<\/h2>\r\n\r\n\r\n\r\n<p>&nbsp;<\/p>\r\n","protected":false},"excerpt":{"rendered":"<p>Piva to\u010d\u00edme v dob\u011b uzav\u0159en\u00ed hospod i do pet lahv\u00ed 1l a je mo\u017en\u00e9 je objednat i na rozvoz. Po dobu pandemie ne\u00fa\u010dtuje cenu l\u00e1hve. Spodn\u011b kva\u0161en\u00e1 piva Budvar Redix\u00a0\u00a0\u00a0\u00a0\u00a0\u00a0\u00a0\u00a0 \u00a0\u00a0\u00a0\u00a0\u00a0\u00a0\u00a0\u00a0 \u00a0\u00a0\u00a0\u00a0\u00a0\u00a0\u00a0\u00a0 \u00a0\u00a0\u00a0\u00a0\u00a0\u00a0\u00a0\u00a0 \u00a0\u00a0\u00a0\u00a0\u00a0\u00a0\u00a0\u00a0 \u00a0\u00a0\u00a0\u00a0\u00a0\u00a0\u00a0\u00a0 \u00a0\u00a00,3l\u00a0\u00a0 25,- K\u010d\u00a0\u00a0\u00a0\u00a0\u00a0\u00a0\u00a0\u00a0 \u00a0\u00a0\u00a0\u00a0\u00a0\u00a0\u00a0\u00a0 0,5l\u00a0\u00a0 &hellip; <a href=\"https:\/\/www.restauraceacko.cz\/de\/pivni-listek\/\">Weiterlesen <span class=\"meta-nav\">&rarr;<\/span><\/a><\/p>\n","protected":false},"author":1,"featured_media":0,"parent":0,"menu_order":0,"comment_status":"closed","ping_status":"closed","template":"sidebar-page.php","meta":{"footnotes":""},"class_list":["post-118","page","type-page","status-publish","hentry"],"_links":{"self":[{"href":"https:\/\/www.restauraceacko.cz\/de\/wp-json\/wp\/v2\/pages\/118","targetHints":{"allow":["GET"]}}],"collection":[{"href":"https:\/\/www.restauraceacko.cz\/de\/wp-json\/wp\/v2\/pages"}],"about":[{"href":"https:\/\/www.restauraceacko.cz\/de\/wp-json\/wp\/v2\/types\/page"}],"author":[{"embeddable":true,"href":"https:\/\/www.restauraceacko.cz\/de\/wp-json\/wp\/v2\/users\/1"}],"replies":[{"embeddable":true,"href":"https:\/\/www.restauraceacko.cz\/de\/wp-json\/wp\/v2\/comments?post=118"}],"version-history":[{"count":15,"href":"https:\/\/www.restauraceacko.cz\/de\/wp-json\/wp\/v2\/pages\/118\/revisions"}],"predecessor-version":[{"id":466,"href":"https:\/\/www.restauraceacko.cz\/de\/wp-json\/wp\/v2\/pages\/118\/revisions\/466"}],"wp:attachment":[{"href":"https:\/\/www.restauraceacko.cz\/de\/wp-json\/wp\/v2\/media?parent=118"}],"curies":[{"name":"wp","href":"https:\/\/api.w.org\/{rel}","templated":true}]}}