{"id":54,"date":"2020-01-08T09:49:58","date_gmt":"2020-01-08T09:49:58","guid":{"rendered":"http:\/\/www.restauraceacko.cz\/?page_id=54"},"modified":"2020-11-13T08:06:51","modified_gmt":"2020-11-13T08:06:51","slug":"o-nas","status":"publish","type":"page","link":"https:\/\/www.restauraceacko.cz\/de\/o-nas\/","title":{"rendered":"\u00dcber uns"},"content":{"rendered":"\r\n<h2 class=\"wp-block-heading\"><br \/>Neuer Betreiber seit Saison 2020, Neu \u2013 ganzj\u00e4hrige Lieferung<\/h2>\r\n\r\n\r\n\r\n<p>Guten Tag, <br \/>Ab Januar \u00fcbernommen wir die Restaurant \u00c1\u010dko in Areal Kristyna in Hr\u00e1dek nad Nisou (Grottau), und wir arbeiteten an der Aufbesserung. Im Objekt entstand eine neue Craft-Restaurant mit einzigartige Angebot mit 12 Biersorten, eigenen Limonaden ohne k\u00fcnstlichen Farbstoffen und Aroma, und mit den besten lokalen Produkten. <br \/>Wir kochen aus frischen Lebensmitteln, und konzentrieren uns auf b\u00f6hmische K\u00fcche und internationale Spezialit\u00e4ten. Sehr beliebt sind bei uns Teigwaren, Steaks oder Burgern, die wir mit Br\u00f6tchen aus kleine B\u00e4ckerei bei Brauerei L\u00e1dv\u00ed COBOLIS fertigmachen. <br \/>Im Angebot haben wir auch S\u00e4fte aus Star\u00e1 D\u00e1ma aus K\u0159i\u017eany, woher haben wir auch unsere Kaffee APe. Sie k\u00f6nnen auch viele Biersorten aus folgende Craft-Brauereien probieren: \/loga piv\/<br \/><img loading=\"lazy\" decoding=\"async\" class=\"wp-image-84\" src=\"https:\/\/www.restauraceacko.cz\/wp-content\/uploads\/2020\/07\/image.png\" alt=\"\" width=\"182\" height=\"69\" srcset=\"https:\/\/www.restauraceacko.cz\/wp-content\/uploads\/2020\/07\/image.png 364w, https:\/\/www.restauraceacko.cz\/wp-content\/uploads\/2020\/07\/image-300x114.png 300w\" sizes=\"auto, (max-width: 182px) 100vw, 182px\" \/><\/p>\r\n\r\n\r\n\r\n<div class=\"wp-block-image\">\r\n<figure class=\"alignleft is-resized\"><img loading=\"lazy\" decoding=\"async\" class=\"wp-image-85\" src=\"https:\/\/www.restauraceacko.cz\/wp-content\/uploads\/2020\/07\/image-1.png\" alt=\"\" width=\"113\" height=\"113\" srcset=\"https:\/\/www.restauraceacko.cz\/wp-content\/uploads\/2020\/07\/image-1.png 225w, https:\/\/www.restauraceacko.cz\/wp-content\/uploads\/2020\/07\/image-1-150x150.png 150w\" sizes=\"auto, (max-width: 113px) 100vw, 113px\" \/><\/figure>\r\n<\/div>\r\n\r\n\r\n\r\n<div class=\"wp-block-image\">\r\n<figure class=\"alignright is-resized\"><img loading=\"lazy\" decoding=\"async\" src=\"https:\/\/encrypted-tbn0.gstatic.com\/images?q=tbn%3AANd9GcS0HzD5gKvTtSFN2UMxbUt67W1w-rsSeF-2OQ&#038;usqp=CAU\" alt=\"Pivovar Volt\" width=\"113\" height=\"113\" \/><\/figure>\r\n<\/div>\r\n\r\n\r\n\r\n<h2 class=\"wp-block-heading\">Wer sind wir?<\/h2>\r\n\r\n\r\n\r\n<p>Die Tochterfirma <a href=\"https:\/\/www.brewery-innovation.cz\/\">Brewery Innovation s. r. o.<\/a> Besch\u00e4ftigt sich mit Betrieb, Aufbau und Beratungst\u00e4tigkeit f\u00fcr kleine Brauereien. Ihre Produkten haben wir deswegen im Angebot. In Gastronomie spezialisieren wir uns auf frische und lokale Produkte. Bei uns finden Sie keine gefrorene Halbprodukte, sondern redliche Produkte aus lokalen Quellen.<\/p>\r\n\r\n\r\n\r\n<h2 class=\"wp-block-heading\">Und warum in Grottau (Hr\u00e1dek nad Nisou)?<\/h2>\r\n\r\n\r\n\r\n<p>Unser Hauptbrauer ist Herr Pavel Palou\u0161, ein Einheimischer, der mit diesem Ort personale Beziehungen und Erinnerungen hat. Wir sind \u00fcberzeugt, dass die Qualit\u00e4tsgastronomie, die mit Bier verbunden ist, nicht nur eine Frage von Gro\u00dfst\u00e4dte ist, aber dass sie ihre Platz \u00fcberall findet, und deswegen haben wir Hr\u00e1dek nad Nisou\/Grottau \u2013 dieses Ort beim Dreil\u00e4ndereck, ausgew\u00e4hlt.<\/p>\r\n\r\n\r\n\r\n<p>&nbsp;<\/p>\r\n","protected":false},"excerpt":{"rendered":"<p>Neuer Betreiber seit Saison 2020, Neu \u2013 ganzj\u00e4hrige Lieferung Guten Tag, Ab Januar \u00fcbernommen wir die Restaurant \u00c1\u010dko in Areal Kristyna in Hr\u00e1dek nad Nisou (Grottau), und wir arbeiteten an der Aufbesserung. Im Objekt entstand eine neue Craft-Restaurant mit einzigartige &hellip; <a href=\"https:\/\/www.restauraceacko.cz\/de\/o-nas\/\">Weiterlesen <span class=\"meta-nav\">&rarr;<\/span><\/a><\/p>\n","protected":false},"author":1,"featured_media":0,"parent":0,"menu_order":0,"comment_status":"closed","ping_status":"closed","template":"sidebar-page.php","meta":{"footnotes":""},"class_list":["post-54","page","type-page","status-publish","hentry"],"_links":{"self":[{"href":"https:\/\/www.restauraceacko.cz\/de\/wp-json\/wp\/v2\/pages\/54","targetHints":{"allow":["GET"]}}],"collection":[{"href":"https:\/\/www.restauraceacko.cz\/de\/wp-json\/wp\/v2\/pages"}],"about":[{"href":"https:\/\/www.restauraceacko.cz\/de\/wp-json\/wp\/v2\/types\/page"}],"author":[{"embeddable":true,"href":"https:\/\/www.restauraceacko.cz\/de\/wp-json\/wp\/v2\/users\/1"}],"replies":[{"embeddable":true,"href":"https:\/\/www.restauraceacko.cz\/de\/wp-json\/wp\/v2\/comments?post=54"}],"version-history":[{"count":17,"href":"https:\/\/www.restauraceacko.cz\/de\/wp-json\/wp\/v2\/pages\/54\/revisions"}],"predecessor-version":[{"id":239,"href":"https:\/\/www.restauraceacko.cz\/de\/wp-json\/wp\/v2\/pages\/54\/revisions\/239"}],"wp:attachment":[{"href":"https:\/\/www.restauraceacko.cz\/de\/wp-json\/wp\/v2\/media?parent=54"}],"curies":[{"name":"wp","href":"https:\/\/api.w.org\/{rel}","templated":true}]}}