{"id":64,"date":"2020-01-08T10:44:42","date_gmt":"2020-01-08T10:44:42","guid":{"rendered":"http:\/\/www.restauraceacko.cz\/?page_id=64"},"modified":"2024-02-22T10:37:47","modified_gmt":"2024-02-22T10:37:47","slug":"stravovani-pro-ubytovane","status":"publish","type":"page","link":"https:\/\/www.restauraceacko.cz\/de\/stravovani-pro-ubytovane\/","title":{"rendered":"Mahlzeiten f\u00fcr Pensionsg\u00e4ste"},"content":{"rendered":"\r\n<p>Nach Besprechung mit der Firma \u201eAutokemp Krist\u00fdna a.s.\u201c anbieten wir auch Fr\u00fchst\u00fcck, Halbpension oder auch Vollpension f\u00fcr Pensionsg\u00e4ste, aber gerne anbieten wir auch diese Dienste auch f\u00fcr Personen in dem Umfeld.<\/p>\r\n<p>Haben Sie spezielle Bed\u00fcrfnisse? Sie k\u00f6nnen uns gerne anrufen &#8211; wir sind hier dazu, die Bed\u00fcrfnisse zu erf\u00fcllen.<\/p>\r\n\r\n\r\n\r\n<h1 class=\"wp-block-heading\">Fr\u00fchst\u00fcck 8-10 Uhr<\/h1>\r\n<p>Fr\u00fchst\u00fcckbuffet: 1-2 warme Gerichte (Eiern, W\u00fcrste&#8230;), kalte Gerichte (Salami, K\u00e4sen, Gem\u00fcse), Joghurt, Cornflakes, Kaffee, Tee und Saft stehen schon in dem Preis.<\/p>\r\n\r\n\r\n\r\n\r\n\r\n<h1 class=\"wp-block-heading\">Mittagessen 11-13 Uhr (nicht im Juli und August)<\/h1>\r\n\r\n\r\n\r\n<p>250 ml Suppe nach Tagesangebot, Auswahl aus mindestens 3 Hauptgerichte und 0,3 l Getr\u00e4nk (Bier oder Limonade)<\/p>\r\n\r\n\r\n\r\n<h1 class=\"wp-block-heading\">Abendessen 17-19 Uhr (nicht im Juli und August)<\/h1>\r\n\r\n\r\n\r\n<p>Auswahl aus mindestens 3 Gerichte, Salat oder Nachtisch und 0,3 l Getr\u00e4nk (Bier oder Limonade)<\/p>\r\n\r\n\r\n\r\n<h1 class=\"wp-block-heading\">Preise (Saison 2024)<\/h1>\r\n\r\n\r\n\r\n<figure class=\"wp-block-table aligncenter is-style-stripes\">\r\n<table>\r\n<tbody>\r\n<tr>\r\n<td>\u00a0<\/td>\r\n<td>Erwachsener<\/td>\r\n<td>Kind (bis 12 Jahren)<\/td>\r\n<\/tr>\r\n<tr>\r\n<td>Fr\u00fchst\u00fcck<\/td>\r\n<td>160,-K\u010d (155,- K\u010d)<\/td>\r\n<td>120,- K\u010d (115,- K\u010d)<\/td>\r\n<\/tr>\r\n<tr>\r\n<td>Halbpension*<\/td>\r\n<td>355,- K\u010d (345,- K\u010d)<\/td>\r\n<td>260,- K\u010d (250,- K\u010d)<\/td>\r\n<\/tr>\r\n<tr>\r\n<td>Vollpension*<\/td>\r\n<td>550,- K\u010d (535,-K\u010d)<\/td>\r\n<td>415,- K\u010d (400,- K\u010d)<\/td>\r\n<\/tr>\r\n<\/tbody>\r\n<\/table>\r\n<\/figure>\r\n\r\n\r\n\r\n<p>*Vollpension und Abendessen k\u00f6nnen Sie leider im Hauptsaison nicht kaufen (Monaten Juli und August)<\/p>\r\n<h1>Bestellungen<\/h1>\r\n\r\n\r\n\r\n\r\n\r\n<p>Bestellungen k\u00f6nnen Sie uns gerne an unsere E-Mail-Adresse schicken \u2013 \u00a0<a href=\"mailto:rezervace@penzion-kristyna.cz\">rezervace@penzion-kristyna.cz<\/a>, oder k\u00f6nnen Sie uns anrufen <a class=\"uk-link-reset\" href=\"tel:+420 774 595 760\">\u00a0+420 774 595 760<\/a><\/p>\r\n","protected":false},"excerpt":{"rendered":"<p>Nach Besprechung mit der Firma \u201eAutokemp Krist\u00fdna a.s.\u201c anbieten wir auch Fr\u00fchst\u00fcck, Halbpension oder auch Vollpension f\u00fcr Pensionsg\u00e4ste, aber gerne anbieten wir auch diese Dienste auch f\u00fcr Personen in dem Umfeld. Haben Sie spezielle Bed\u00fcrfnisse? Sie k\u00f6nnen uns gerne anrufen &hellip; <a href=\"https:\/\/www.restauraceacko.cz\/de\/stravovani-pro-ubytovane\/\">Weiterlesen <span class=\"meta-nav\">&rarr;<\/span><\/a><\/p>\n","protected":false},"author":1,"featured_media":0,"parent":0,"menu_order":0,"comment_status":"closed","ping_status":"closed","template":"sidebar-page.php","meta":{"footnotes":""},"class_list":["post-64","page","type-page","status-publish","hentry"],"_links":{"self":[{"href":"https:\/\/www.restauraceacko.cz\/de\/wp-json\/wp\/v2\/pages\/64","targetHints":{"allow":["GET"]}}],"collection":[{"href":"https:\/\/www.restauraceacko.cz\/de\/wp-json\/wp\/v2\/pages"}],"about":[{"href":"https:\/\/www.restauraceacko.cz\/de\/wp-json\/wp\/v2\/types\/page"}],"author":[{"embeddable":true,"href":"https:\/\/www.restauraceacko.cz\/de\/wp-json\/wp\/v2\/users\/1"}],"replies":[{"embeddable":true,"href":"https:\/\/www.restauraceacko.cz\/de\/wp-json\/wp\/v2\/comments?post=64"}],"version-history":[{"count":28,"href":"https:\/\/www.restauraceacko.cz\/de\/wp-json\/wp\/v2\/pages\/64\/revisions"}],"predecessor-version":[{"id":502,"href":"https:\/\/www.restauraceacko.cz\/de\/wp-json\/wp\/v2\/pages\/64\/revisions\/502"}],"wp:attachment":[{"href":"https:\/\/www.restauraceacko.cz\/de\/wp-json\/wp\/v2\/media?parent=64"}],"curies":[{"name":"wp","href":"https:\/\/api.w.org\/{rel}","templated":true}]}}