{"id":118,"date":"2020-10-10T22:19:10","date_gmt":"2020-10-10T22:19:10","guid":{"rendered":"http:\/\/www.restauraceacko.cz\/?page_id=118"},"modified":"2023-09-05T16:54:51","modified_gmt":"2023-09-05T16:54:51","slug":"pivni-listek","status":"publish","type":"page","link":"https:\/\/www.restauraceacko.cz\/pl\/pivni-listek\/","title":{"rendered":"MENU PIWA"},"content":{"rendered":"\r\n<h1 class=\"wp-block-heading\" style=\"text-align: center;\"><em>Piwo lejemy i w czasie zamkni\u0119cia restauracji do 1l butelek PET \u2013 mo\u017cliwo\u015b\u0107 zam\u00f3wienia i z dowozem. W czasie trwania pandemii cena za butelk\u0119 nie jest doliczana do rachunku. <\/em><\/h1>\r\n<h1>Piwa dolnej fermentacji<\/h1>\r\n\r\n\r\n\r\n<h2 class=\"wp-block-heading\">Budvar Redix\u00a0\u00a0\u00a0\u00a0\u00a0\u00a0\u00a0\u00a0 \u00a0\u00a0\u00a0\u00a0\u00a0\u00a0\u00a0\u00a0 \u00a0\u00a0\u00a0\u00a0\u00a0\u00a0\u00a0\u00a0 \u00a0\u00a0\u00a0\u00a0\u00a0\u00a0\u00a0\u00a0 \u00a0\u00a0\u00a0\u00a0\u00a0\u00a0\u00a0\u00a0 \u00a0\u00a0\u00a0\u00a0\u00a0\u00a0\u00a0\u00a0 \u00a0\u00a00,3l\u00a0\u00a0 25,- K\u010d\u00a0\u00a0\u00a0\u00a0\u00a0\u00a0\u00a0\u00a0 \u00a0\u00a0\u00a0\u00a0\u00a0\u00a0\u00a0\u00a0 0,5l\u00a0\u00a0 35,- K\u010d<\/h2>\r\n\r\n\r\n\r\n<p>Jasne piwo beczkowe, Styl piwa:\u00a0Czech Pale Lager, EPM: 9,7%, Alc.: 4,0%<br \/>Redix to gorzkie, orze\u017awiaj\u0105ce piwo, stworzone przez piwowar\u00f3w Ale\u0161a Dvo\u0159\u00e1ka z Budvaru i Pavla Palou\u0161a z mini browaru Cobolis. Pierwotnie by\u0142o to piwo warzone w limitowanej edycji \u201eSpole\u010dn\u00e9 z Budvar\u201d &#8211; piwa warzone w Budvarze wsp\u00f3lnie z browarami z innych mini-browar\u00f3w. Dzi\u0119ki Waszemu zainteresowaniu w\u0142\u0105czyli\u015bmy go jednak do naszej sta\u0142ej oferty i nazywamy go teraz Redix.<\/p>\r\n\r\n\r\n\r\n<h2 class=\"wp-block-heading\">Cobolis P\u0159ed\u00e1k sv\u011btl\u00e9 v\u00fd\u010depn\u00ed 10\u00a0\u00a0\u00a0\u00a0\u00a0\u00a0 \u00a0\u00a0\u00a0\u00a0\u00a0\u00a0\u00a0\u00a0 \u00a0\u00a0\u00a0\u00a0\u00a0\u00a0\u00a0\u00a0 0,3l\u00a0\u00a0 25,- K\u010d\u00a0\u00a0\u00a0 \u00a0\u00a0\u00a0\u00a0\u00a0\u00a0\u00a0\u00a0 0,5l\u00a0\u00a0 35,- K\u010d<\/h2>\r\n\r\n\r\n\r\n<p>Jasne piwo beczkowe, Styl piwa: Czech Pale Lager, EPM: 10 %, Alc.: 3,8%<br \/>Uczciwa czeska dziesi\u0105tka gotowana na dw\u00f3ch zacierach ze s\u0142od\u00f3w pilzne\u0144skich i chmielu Satu Mare. Oferuje zbalansowan\u0105 s\u0142odow\u0105 mas\u0119 i przyzwoit\u0105 dawk\u0119 chmielowej goryczki. Zapomnij o piwie z beczki, kt\u00f3re powiedzia\u0142by\u015b, \u017ce jest jak woda. Taka zdecydowanie nie jest nasza dziesi\u0105tka.<\/p>\r\n\r\n\r\n\r\n<h2 class=\"wp-block-heading\">Budvar 33\u2014ho\u0159k\u00fd le\u017e\u00e1k\u00a0\u00a0 \u00a0\u00a0\u00a0\u00a0\u00a0\u00a0\u00a0\u00a0 \u00a0\u00a0\u00a0\u00a0\u00a0\u00a0\u00a0\u00a0 \u00a0\u00a0\u00a0\u00a0\u00a0\u00a0\u00a0\u00a0 \u00a0\u00a0\u00a0\u00a0\u00a0\u00a0\u00a0\u00a0 0,3l\u00a0\u00a0 30,- K\u010d\u00a0\u00a0\u00a0 \u00a0\u00a0\u00a0\u00a0\u00a0\u00a0\u00a0\u00a0 0,5l\u00a0\u00a0 40,- K\u010d<\/h2>\r\n\r\n\r\n\r\n<p>Piwo jasne jasne, Styl piwa: Czech Pale Lager, EPM: 11,7 %, Alc.: 4,6 %<br \/>Budvar 33 jest gorzki. I zgodnie z tym nadali mu jego imi\u0119. Ma dok\u0142adnie 33 jednostki goryczki, g\u0142\u00f3wnie za spraw\u0105 czeskiego chmielu Agnus, kt\u00f3ry nale\u017cy do jednej z najbardziej gorzkich odmian wszechczas\u00f3w. Budvar 33 jest r\u00f3wnie\u017c interesuj\u0105cy ze s\u0142odem Crystal Light, kt\u00f3ry jest u\u017cywany g\u0142\u00f3wnie w piwach g\u00f3rnej fermentacji. Dzi\u0119ki temu, \u017ce nie bali si\u0119 go doda\u0107 do typowego czeskiego lagera, piwo nabra\u0142o ciekawej barwy i g\u0142adko\u015bci.<\/p>\r\n\r\n\r\n\r\n<h2 class=\"wp-block-heading\">Cobolis Praotec sv\u011btl\u00fd le\u017e\u00e1k 12\u00a0\u00a0 \u00a0\u00a0\u00a0\u00a0\u00a0\u00a0\u00a0\u00a0 \u00a0\u00a0\u00a0\u00a0\u00a0\u00a0\u00a0\u00a0 \u00a0\u00a0\u00a0\u00a0\u00a0\u00a0\u00a0\u00a0 0,3l\u00a0\u00a0 35,- K\u010d\u00a0\u00a0\u00a0 \u00a0\u00a0\u00a0\u00a0\u00a0\u00a0\u00a0\u00a0 0,5l\u00a0\u00a0 45,- K\u010d<\/h2>\r\n\r\n\r\n\r\n<p>Piwo jasne jasne, Styl piwa: Czech Premium Pale Lager, EPM: 12 %, Alc.: 4,6 %<br \/>Chrupi\u0105ce i gorzkie dwana\u015bcie z\u0142otych kolor\u00f3w z bia\u0142\u0105 g\u0119st\u0105 pian\u0105. Jest gotowany na dwa zacieki ze s\u0142odu pilzne\u0144skiego i chmielu Satu Mare. Do chmielu u\u017cyli\u015bmy p\u00f3\u0142wczesnego rudow\u0142osego Satu Mare i bohemy, jednego z nowszych odmian chmielu Satu Mare. Najlepszy lager festiwalu Sun in the Glass 2018, King of Prague 2019.<\/p>\r\n\r\n\r\n\r\n<h1 class=\"has-text-align-center has-large-font-size wp-block-heading\">Piwa g\u00f3rnej fermentacji<\/h1>\r\n\r\n\r\n\r\n\r\n\r\n<h2 class=\"wp-block-heading\">Cobolis Diabolic Rouge 6 summer ale\u00a0\u00a0\u00a0\u00a0 \u00a0\u00a0\u00a0\u00a0\u00a0\u00a0\u00a0\u00a0 0,3l\u00a0\u00a0 30,- K\u010d\u00a0\u00a0\u00a0 \u00a0\u00a0\u00a0\u00a0\u00a0\u00a0\u00a0\u00a0 0,4l\u00a0 37,- K\u010d<\/h2>\r\n\r\n\r\n\r\n<p><em>Piwo sto\u0142owe g\u00f3rnej fermentacji, EPM: 6 %, Alc.: 1,9 %<br \/><\/em>Lato ALE o stopniu tylko 6 \u00b0, gotowane z 6 s\u0142od\u00f3w i 6 chmielu. Zdecydowanie nie spodziewaj si\u0119 nudnej wody. Jednak zawarto\u015b\u0107 alkohol jest poni\u017cej 2%, co sprawi przyjemno\u015b\u0107 latem. Cia\u0142o bardziej reaguje na mocniejsze piwo i jest cudownie gorzkie. Kto zasmakuje, zakocha si\u0119 w niezliczonych tonach i smakach tego piwa. W przeciwie\u0144stwie do diabelskiej sz\u00f3stki, chmiel to French Barbe Rouge i niemiecki Mandarin B.<\/p>\r\n\r\n\r\n\r\n\r\n\r\n<h2 class=\"wp-block-heading\">Volt IPA Baterka 15\u00a0\u00a0\u00a0\u00a0\u00a0\u00a0\u00a0\u00a0 \u00a0\u00a0\u00a0\u00a0\u00a0\u00a0\u00a0\u00a0 \u00a0\u00a0\u00a0\u00a0\u00a0\u00a0\u00a0\u00a0 \u00a0\u00a0\u00a0\u00a0\u00a0\u00a0\u00a0\u00a0 \u00a0\u00a0\u00a0\u00a0\u00a0\u00a0\u00a0\u00a0 \u00a0\u00a00,3l\u00a0\u00a0 43,- K\u010d\u00a0\u00a0\u00a0\u00a0\u00a0\u00a0\u00a0\u00a0 \u00a0\u00a0\u00a0\u00a0\u00a0\u00a0\u00a0\u00a0 0,4l\u00a0\u00a0 52,-K\u010d<\/h2>\r\n\r\n\r\n\r\n<p><em>Piwo jasne, g\u00f3rnej fermentacji, mocne, niefiltrowane Rodzaj piwa: IPA, EPM: 15 %, Alc.: 6,2 %<br \/><\/em>Goryczka tego piwa jest od \u015bredniej do wysokiej z przyjemnym posmakiem. Charakteru piwu dodaj\u0105 klasyczne ameryka\u0144skie odmiany chmielu Citra i Cascade, kt\u00f3re dodaj\u0105 w smaku nut\u0119 pomara\u0144czy lub limonki. Chmiel jest odpowiedni nawet na zimno.<br \/><br \/><\/p>\r\n\r\n\r\n\r\n\r\n\r\n<h1 class=\"has-text-align-center has-large-font-size wp-block-heading\">Opakowania<br \/>Kubek 3,- K\u010d<br \/>Opakowanie na piwo 10,- K\u010d<\/h1>\r\n\r\n\r\n\r\n<p>&nbsp;<\/p>\r\n","protected":false},"excerpt":{"rendered":"<p>Piwo lejemy i w czasie zamkni\u0119cia restauracji do 1l butelek PET \u2013 mo\u017cliwo\u015b\u0107 zam\u00f3wienia i z dowozem. W czasie trwania pandemii cena za butelk\u0119 nie jest doliczana do rachunku. Piwa dolnej fermentacji Budvar Redix\u00a0\u00a0\u00a0\u00a0\u00a0\u00a0\u00a0\u00a0 \u00a0\u00a0\u00a0\u00a0\u00a0\u00a0\u00a0\u00a0 \u00a0\u00a0\u00a0\u00a0\u00a0\u00a0\u00a0\u00a0 \u00a0\u00a0\u00a0\u00a0\u00a0\u00a0\u00a0\u00a0 \u00a0\u00a0\u00a0\u00a0\u00a0\u00a0\u00a0\u00a0 \u00a0\u00a0\u00a0\u00a0\u00a0\u00a0\u00a0\u00a0 \u00a0\u00a00,3l\u00a0\u00a0 &hellip; <a href=\"https:\/\/www.restauraceacko.cz\/pl\/pivni-listek\/\">Czytaj dalej <span class=\"meta-nav\">&rarr;<\/span><\/a><\/p>\n","protected":false},"author":1,"featured_media":0,"parent":0,"menu_order":0,"comment_status":"closed","ping_status":"closed","template":"sidebar-page.php","meta":{"footnotes":""},"class_list":["post-118","page","type-page","status-publish","hentry"],"_links":{"self":[{"href":"https:\/\/www.restauraceacko.cz\/pl\/wp-json\/wp\/v2\/pages\/118","targetHints":{"allow":["GET"]}}],"collection":[{"href":"https:\/\/www.restauraceacko.cz\/pl\/wp-json\/wp\/v2\/pages"}],"about":[{"href":"https:\/\/www.restauraceacko.cz\/pl\/wp-json\/wp\/v2\/types\/page"}],"author":[{"embeddable":true,"href":"https:\/\/www.restauraceacko.cz\/pl\/wp-json\/wp\/v2\/users\/1"}],"replies":[{"embeddable":true,"href":"https:\/\/www.restauraceacko.cz\/pl\/wp-json\/wp\/v2\/comments?post=118"}],"version-history":[{"count":15,"href":"https:\/\/www.restauraceacko.cz\/pl\/wp-json\/wp\/v2\/pages\/118\/revisions"}],"predecessor-version":[{"id":466,"href":"https:\/\/www.restauraceacko.cz\/pl\/wp-json\/wp\/v2\/pages\/118\/revisions\/466"}],"wp:attachment":[{"href":"https:\/\/www.restauraceacko.cz\/pl\/wp-json\/wp\/v2\/media?parent=118"}],"curies":[{"name":"wp","href":"https:\/\/api.w.org\/{rel}","templated":true}]}}