{"id":54,"date":"2020-01-08T09:49:58","date_gmt":"2020-01-08T09:49:58","guid":{"rendered":"http:\/\/www.restauraceacko.cz\/?page_id=54"},"modified":"2020-11-13T08:06:51","modified_gmt":"2020-11-13T08:06:51","slug":"o-nas","status":"publish","type":"page","link":"https:\/\/www.restauraceacko.cz\/pl\/o-nas\/","title":{"rendered":"O nas"},"content":{"rendered":"\r\n<h2 class=\"wp-block-heading\">Nowy operator od sezonu 2020, otwarte ca\u0142y rok<\/h2>\r\n\r\n\r\n\r\n<p>Dobry dzie\u0144,<\/p>\r\n<p>od stycznia od sezonu 2020 przej\u0119li\u015bmy restauracj\u0119 \u00c1\u010dko w rejonie jeziora Krist\u00fdna w miejscowo\u015bci Hr\u00e1dek nad Nisou i pracowali\u015bmy nad jej ulepszeniem. W budynku powsta\u0142a zupe\u0142nie nowa restauracja Craft z unikalnym wyborem 12 gatunk\u00f3w piwa, w\u0142asnymi lemoniadami bez sztucznych barwnik\u00f3w i aromat\u00f3w, a tak\u017ce z najlepszych lokalnych produkt\u00f3w.<\/p>\r\n<p>Gotujemy ze \u015bwie\u017cych sk\u0142adnik\u00f3w, zar\u00f3wno klasyczne dania kuchni czeskiej, jak i zagraniczne specja\u0142y. Nasze makarony, steki i burgery s\u0105 bardzo popularne, do kt\u00f3rych sprowadzamy bu\u0142eczki z ma\u0142ej piekarni w browarze L\u00e1dv\u00ed COBOLIS.<\/p>\r\n<p>Oferujemy moszcz od Starej Damy z pobliskich K\u0159\u00ed\u017ean, sk\u0105d znajduje si\u0119 r\u00f3wnie\u017c ma\u0142a palarnia kawy APe. Mo\u017cesz spr\u00f3bowa\u0107 piw z tych browar\u00f3w rzemie\u015blniczych<\/p>\r\n\r\n\r\n\r\n<div class=\"wp-block-image\">\r\n<figure class=\"aligncenter is-resized\"><img loading=\"lazy\" decoding=\"async\" class=\"wp-image-84\" src=\"https:\/\/www.restauraceacko.cz\/wp-content\/uploads\/2020\/07\/image.png\" alt=\"\" width=\"182\" height=\"69\" srcset=\"https:\/\/www.restauraceacko.cz\/wp-content\/uploads\/2020\/07\/image.png 364w, https:\/\/www.restauraceacko.cz\/wp-content\/uploads\/2020\/07\/image-300x114.png 300w\" sizes=\"auto, (max-width: 182px) 100vw, 182px\" \/><\/figure>\r\n<\/div>\r\n\r\n\r\n\r\n<div class=\"wp-block-image\">\r\n<figure class=\"alignleft is-resized\"><img loading=\"lazy\" decoding=\"async\" class=\"wp-image-85\" src=\"https:\/\/www.restauraceacko.cz\/wp-content\/uploads\/2020\/07\/image-1.png\" alt=\"\" width=\"113\" height=\"113\" srcset=\"https:\/\/www.restauraceacko.cz\/wp-content\/uploads\/2020\/07\/image-1.png 225w, https:\/\/www.restauraceacko.cz\/wp-content\/uploads\/2020\/07\/image-1-150x150.png 150w\" sizes=\"auto, (max-width: 113px) 100vw, 113px\" \/><\/figure>\r\n<\/div>\r\n\r\n\r\n\r\n<div class=\"wp-block-image\">\r\n<figure class=\"alignright is-resized\"><img loading=\"lazy\" decoding=\"async\" src=\"https:\/\/encrypted-tbn0.gstatic.com\/images?q=tbn%3AANd9GcS0HzD5gKvTtSFN2UMxbUt67W1w-rsSeF-2OQ&#038;usqp=CAU\" alt=\"Pivovar Volt\" width=\"113\" height=\"113\" \/><\/figure>\r\n<\/div>\r\n\r\n\r\n\r\n<p>&nbsp;<\/p>\r\n<p>&nbsp;<\/p>\r\n<p>&nbsp;<\/p>\r\n<p>&nbsp;<\/p>\r\n<h2 class=\"wp-block-heading\">Kim jeste\u015bmy<\/h2>\r\n<p>Sp\u00f3\u0142ka macierzysta Brewery Innovation s.r.o. zajmuje si\u0119 obs\u0142ug\u0105, budow\u0105 i doradztwem dla ma\u0142ych browar\u00f3w. B\u0119dziemy mieli w ofercie ich produkty. W gastronomii stawiamy na \u015bwie\u017ce i lokalne produkty. Nie oczekuj mro\u017conych p\u00f3\u0142produkt\u00f3w i dziwnych fast food\u00f3w z dzisiejszych szalonych czas\u00f3w, ale uczciwych produkt\u00f3w z lokalnych \u017ar\u00f3de\u0142.<\/p>\r\n<p>&nbsp;<\/p>\r\n<h2>A dlaczego w Hr\u00e1dku?<\/h2>\r\n<p>Naszym g\u0142\u00f3wnym piwowarem jest pan Pavel Palou\u0161, kt\u00f3ry jest tubylcem, wi\u0119c ma osobiste wi\u0119zi i wspomnienia z tego miejsca. Jeste\u015bmy przekonani, \u017ce dobra gastronomia kojarzona z piwem to nie tylko kwestia wielkich miast, ale \u017ce mo\u017ce znale\u017a\u0107 swoje miejsce wsz\u0119dzie i w\u0142a\u015bnie ze wzgl\u0119du na te dwie rzeczy wybrali\u015bmy Hr\u00e1dek nad Nisou, to malownicze miejsce na pograniczu trzech pa\u0144stw.<\/p>\r\n","protected":false},"excerpt":{"rendered":"<p>Nowy operator od sezonu 2020, otwarte ca\u0142y rok Dobry dzie\u0144, od stycznia od sezonu 2020 przej\u0119li\u015bmy restauracj\u0119 \u00c1\u010dko w rejonie jeziora Krist\u00fdna w miejscowo\u015bci Hr\u00e1dek nad Nisou i pracowali\u015bmy nad jej ulepszeniem. W budynku powsta\u0142a zupe\u0142nie nowa restauracja Craft z &hellip; <a href=\"https:\/\/www.restauraceacko.cz\/pl\/o-nas\/\">Czytaj dalej <span class=\"meta-nav\">&rarr;<\/span><\/a><\/p>\n","protected":false},"author":1,"featured_media":0,"parent":0,"menu_order":0,"comment_status":"closed","ping_status":"closed","template":"sidebar-page.php","meta":{"footnotes":""},"class_list":["post-54","page","type-page","status-publish","hentry"],"_links":{"self":[{"href":"https:\/\/www.restauraceacko.cz\/pl\/wp-json\/wp\/v2\/pages\/54","targetHints":{"allow":["GET"]}}],"collection":[{"href":"https:\/\/www.restauraceacko.cz\/pl\/wp-json\/wp\/v2\/pages"}],"about":[{"href":"https:\/\/www.restauraceacko.cz\/pl\/wp-json\/wp\/v2\/types\/page"}],"author":[{"embeddable":true,"href":"https:\/\/www.restauraceacko.cz\/pl\/wp-json\/wp\/v2\/users\/1"}],"replies":[{"embeddable":true,"href":"https:\/\/www.restauraceacko.cz\/pl\/wp-json\/wp\/v2\/comments?post=54"}],"version-history":[{"count":17,"href":"https:\/\/www.restauraceacko.cz\/pl\/wp-json\/wp\/v2\/pages\/54\/revisions"}],"predecessor-version":[{"id":239,"href":"https:\/\/www.restauraceacko.cz\/pl\/wp-json\/wp\/v2\/pages\/54\/revisions\/239"}],"wp:attachment":[{"href":"https:\/\/www.restauraceacko.cz\/pl\/wp-json\/wp\/v2\/media?parent=54"}],"curies":[{"name":"wp","href":"https:\/\/api.w.org\/{rel}","templated":true}]}}