{"id":64,"date":"2020-01-08T10:44:42","date_gmt":"2020-01-08T10:44:42","guid":{"rendered":"http:\/\/www.restauraceacko.cz\/?page_id=64"},"modified":"2024-02-22T10:37:47","modified_gmt":"2024-02-22T10:37:47","slug":"stravovani-pro-ubytovane","status":"publish","type":"page","link":"https:\/\/www.restauraceacko.cz\/pl\/stravovani-pro-ubytovane\/","title":{"rendered":"Wy\u017cywienie dla go\u015bci"},"content":{"rendered":"\r\n<p><strong>Wy\u017cywienie dla go\u015bci\u00a0 \u00a0 \u00a0 \u00a0 \u00a0 \u00a0 \u00a0 \u00a0 \u00a0 \u00a0 \u00a0 \u00a0 \u00a0 \u00a0 \u00a0 \u00a0 \u00a0 \u00a0 \u00a0 \u00a0 \u00a0 \u00a0 \u00a0 \u00a0 \u00a0 \u00a0 \u00a0 \u00a0 \u00a0 \u00a0 \u00a0 \u00a0 \u00a0 \u00a0 \u00a0 \u00a0 \u00a0 \u00a0 \u00a0 \u00a0 \u00a0 \u00a0 \u00a0 \u00a0 \u00a0 \u00a0 \u00a0 \u00a0 \u00a0 \u00a0 \u00a0<\/strong>W porozumieniu z Autokemp KRIST\u00ddNA a.s. jeste\u015bmy dostawcami \u015bniada\u0144, obiadokolacji, ale tak\u017ce pe\u0142nego wy\u017cywienia dla ich go\u015bci, ale z przyjemno\u015bci\u0105 b\u0119dziemy \u015bwiadczy\u0107 te us\u0142ugi osobom zakwaterowanym w innym miejscu w okolicy.<\/p>\r\n<p>Czy masz inne indywidualne potrzeby? Nie b\u00f3j si\u0119 z nami skontaktowa\u0107, ch\u0119tnie pomo\u017cemy Ci je zrealizowa\u0107.<\/p>\r\n<p><strong>\u015aniadanie 8-10 godzin\u00a0 \u00a0 \u00a0 \u00a0 \u00a0 \u00a0 \u00a0 \u00a0 \u00a0 \u00a0 \u00a0 \u00a0 \u00a0 \u00a0 \u00a0 \u00a0 \u00a0 \u00a0 \u00a0 \u00a0 \u00a0 \u00a0 \u00a0 \u00a0 \u00a0 \u00a0 \u00a0 \u00a0 \u00a0 \u00a0 \u00a0 \u00a0 \u00a0 \u00a0 \u00a0 \u00a0 \u00a0 \u00a0 \u00a0 \u00a0 \u00a0 \u00a0 \u00a0 \u00a0 \u00a0 \u00a0 \u00a0 <\/strong>\u015aniadania podawane w formie bufetu: 1-2 dania ciep\u0142e (np. Jajka, kie\u0142baski), danie na zimno (salami,<br \/>ser, warzywa), jogurt, p\u0142atki kukurydziane, kawa, herbata i sok w cenie.<\/p>\r\n<p><strong>Lunch od 11:00 do 13:00<\/strong> (opr\u00f3cz lipca i sierpnia)<br \/>Zupa 250ml wg menu dnia, do wyboru min. 3 dania g\u0142\u00f3wne i nap\u00f3j 0,3l (piwo lub lemoniada)<\/p>\r\n<p><strong>Kolacja 17-19 godz <\/strong>(opr\u00f3cz lipca i sierpnia)<br \/>Do wyboru minimum 3 dania, sa\u0142atka lub deser oraz nap\u00f3j 0,3l (piwo lub lemoniada).<\/p>\r\n<p><strong>Cennik na sezon 2024<\/strong><\/p>\r\n\r\n\r\n\r\n<figure class=\"wp-block-table aligncenter is-style-stripes\">\r\n<table>\r\n<tbody>\r\n<tr>\r\n<td>\u00a0<\/td>\r\n<td>Dosp\u011bl\u00e1 osoba<\/td>\r\n<td>D\u011bti do 12 let<\/td>\r\n<\/tr>\r\n<tr>\r\n<td>\u015aniadanie<\/td>\r\n<td>160,-K\u010d (155,- K\u010d)<\/td>\r\n<td>120,- K\u010d (115,- K\u010d)<\/td>\r\n<\/tr>\r\n<tr>\r\n<td>Cz\u0119\u015bciowe wy\u017cywienie*<\/td>\r\n<td>355,- K\u010d (345,- K\u010d)<\/td>\r\n<td>260,- K\u010d (250,- K\u010d)<\/td>\r\n<\/tr>\r\n<tr>\r\n<td>Pe\u0142ne wy\u017cywienie*<\/td>\r\n<td>550,- K\u010d (535,-K\u010d)<\/td>\r\n<td>415,- K\u010d (400,- K\u010d)<\/td>\r\n<\/tr>\r\n<\/tbody>\r\n<\/table>\r\n<\/figure>\r\n\r\n\r\n\r\n<p>* Pe\u0142nego wy\u017cywienia nie mo\u017cna kupi\u0107 w sezonie ze wzgl\u0119du na pojemno\u015b\u0107, tj. W lipcu i sierpniu<\/p>\r\n<p><strong>Zam\u00f3wienia<\/strong><\/p>\r\n<p>Zam\u00f3wienia mo\u017cna sk\u0142ada\u0107 najlepiej przez e-mail: <a href=\"mailto:rezervace@penzion-kristyna.cz\">rezervace@penzion-kristyna.cz<\/a>\u00a0 Ewentualnie w restauracji pod numerem telefonu <a class=\"uk-link-reset\" href=\"tel:+420 774 595 760\">\u00a0+420 774 595 760<\/a><\/p>\r\n","protected":false},"excerpt":{"rendered":"<p>Wy\u017cywienie dla go\u015bci\u00a0 \u00a0 \u00a0 \u00a0 \u00a0 \u00a0 \u00a0 \u00a0 \u00a0 \u00a0 \u00a0 \u00a0 \u00a0 \u00a0 \u00a0 \u00a0 \u00a0 \u00a0 \u00a0 \u00a0 \u00a0 \u00a0 \u00a0 \u00a0 \u00a0 \u00a0 \u00a0 \u00a0 \u00a0 \u00a0 \u00a0 \u00a0 \u00a0 \u00a0 \u00a0 \u00a0 \u00a0 \u00a0 &hellip; <a href=\"https:\/\/www.restauraceacko.cz\/pl\/stravovani-pro-ubytovane\/\">Czytaj dalej <span class=\"meta-nav\">&rarr;<\/span><\/a><\/p>\n","protected":false},"author":1,"featured_media":0,"parent":0,"menu_order":0,"comment_status":"closed","ping_status":"closed","template":"sidebar-page.php","meta":{"footnotes":""},"class_list":["post-64","page","type-page","status-publish","hentry"],"_links":{"self":[{"href":"https:\/\/www.restauraceacko.cz\/pl\/wp-json\/wp\/v2\/pages\/64","targetHints":{"allow":["GET"]}}],"collection":[{"href":"https:\/\/www.restauraceacko.cz\/pl\/wp-json\/wp\/v2\/pages"}],"about":[{"href":"https:\/\/www.restauraceacko.cz\/pl\/wp-json\/wp\/v2\/types\/page"}],"author":[{"embeddable":true,"href":"https:\/\/www.restauraceacko.cz\/pl\/wp-json\/wp\/v2\/users\/1"}],"replies":[{"embeddable":true,"href":"https:\/\/www.restauraceacko.cz\/pl\/wp-json\/wp\/v2\/comments?post=64"}],"version-history":[{"count":28,"href":"https:\/\/www.restauraceacko.cz\/pl\/wp-json\/wp\/v2\/pages\/64\/revisions"}],"predecessor-version":[{"id":502,"href":"https:\/\/www.restauraceacko.cz\/pl\/wp-json\/wp\/v2\/pages\/64\/revisions\/502"}],"wp:attachment":[{"href":"https:\/\/www.restauraceacko.cz\/pl\/wp-json\/wp\/v2\/media?parent=64"}],"curies":[{"name":"wp","href":"https:\/\/api.w.org\/{rel}","templated":true}]}}