{"id":66,"date":"2020-01-08T10:47:41","date_gmt":"2020-01-08T10:47:41","guid":{"rendered":"http:\/\/www.restauraceacko.cz\/?page_id=66"},"modified":"2020-11-13T08:44:41","modified_gmt":"2020-11-13T08:44:41","slug":"soukrome-akce","status":"publish","type":"page","link":"https:\/\/www.restauraceacko.cz\/pl\/soukrome-akce\/","title":{"rendered":"imprezy organizowane"},"content":{"rendered":"\r\n<p>W restauracji jest mo\u017cliwo\u015b\u0107 organizacji prywatnych imprez, szkole\u0144 oraz innych uroczysto\u015bci. W przypadku zainteresowania prosimy o kontakt na adres e-mail: <a href=\"mailto:objednavky@restauraceacko.cz\">objednavky@restauraceacko.cz<\/a><\/p>\r\n\r\n\r\n\r\n<p>&nbsp;<\/p>\r\n","protected":false},"excerpt":{"rendered":"<p>W restauracji jest mo\u017cliwo\u015b\u0107 organizacji prywatnych imprez, szkole\u0144 oraz innych uroczysto\u015bci. W przypadku zainteresowania prosimy o kontakt na adres e-mail: objednavky@restauraceacko.cz &nbsp;<\/p>\n","protected":false},"author":1,"featured_media":0,"parent":0,"menu_order":0,"comment_status":"closed","ping_status":"closed","template":"sidebar-page.php","meta":{"footnotes":""},"class_list":["post-66","page","type-page","status-publish","hentry"],"_links":{"self":[{"href":"https:\/\/www.restauraceacko.cz\/pl\/wp-json\/wp\/v2\/pages\/66","targetHints":{"allow":["GET"]}}],"collection":[{"href":"https:\/\/www.restauraceacko.cz\/pl\/wp-json\/wp\/v2\/pages"}],"about":[{"href":"https:\/\/www.restauraceacko.cz\/pl\/wp-json\/wp\/v2\/types\/page"}],"author":[{"embeddable":true,"href":"https:\/\/www.restauraceacko.cz\/pl\/wp-json\/wp\/v2\/users\/1"}],"replies":[{"embeddable":true,"href":"https:\/\/www.restauraceacko.cz\/pl\/wp-json\/wp\/v2\/comments?post=66"}],"version-history":[{"count":3,"href":"https:\/\/www.restauraceacko.cz\/pl\/wp-json\/wp\/v2\/pages\/66\/revisions"}],"predecessor-version":[{"id":258,"href":"https:\/\/www.restauraceacko.cz\/pl\/wp-json\/wp\/v2\/pages\/66\/revisions\/258"}],"wp:attachment":[{"href":"https:\/\/www.restauraceacko.cz\/pl\/wp-json\/wp\/v2\/media?parent=66"}],"curies":[{"name":"wp","href":"https:\/\/api.w.org\/{rel}","templated":true}]}}